{"id":15934,"date":"2023-01-11T12:30:45","date_gmt":"2023-01-11T12:30:45","guid":{"rendered":"https:\/\/ibuss.de\/?page_id=15934"},"modified":"2023-01-19T07:22:02","modified_gmt":"2023-01-19T07:22:02","slug":"impressum","status":"publish","type":"page","link":"https:\/\/ibuss.de\/?page_id=15934","title":{"rendered":"Impressum"},"content":{"rendered":"<p>[vc_row top_padding=&#8220;100&#8243; bottom_padding=&#8220;100&#8243; bg_position=&#8220;left top&#8220;][vc_column width=&#8220;1\/3&#8243;][vc_column_text]<span style=\"color: #ff6600;\"><strong>IBUSS Kartoffelcenter<\/strong><\/span><br \/>\n<span style=\"color: #ff6600;\"><strong>GmbH &amp; Co. KG<\/strong><\/span><\/p>\n<p>Parkstra\u00dfe 1<br \/>\n21514 B\u00fcchen<\/p>\n<p>Telefon +49 39005 972-0<\/p>\n<p>GESCH\u00c4FTSF\u00dcHRER<br \/>\nSteffen C. Heilmann[\/vc_column_text][vc_column_text]<span style=\"color: #ff6600;\"><strong>Liefer- &amp; Rechungsanschrift<\/strong><\/span><\/p>\n<p>IBUSS Kartoffelcenter GmbH &amp; Co. KG<br \/>\nK\u00f6ckter Weg 7<br \/>\n28486 Kl\u00f6tze OT Kusey[\/vc_column_text][vc_column_text]<span style=\"color: #ff6600;\"><strong>ZUST\u00c4NDIGE AUFSICHTSBEH\u00d6RDE<\/strong><\/span><\/p>\n<p>Registergericht: AG L\u00fcbeck<br \/>\nRegisternummer: HRA 10363 HL<br \/>\nUst.-Id.-Nr. DE 139450898[\/vc_column_text][\/vc_column][vc_column width=&#8220;2\/3&#8243;][vc_column_text]<strong>HAFTUNGSAUSSCHLUSS<\/strong><br \/>\nWir haben die aufgef\u00fchrten Inhalte mit gro\u00dfer Sorgfalt zusammengestellt und gepr\u00fcft. Allerdings \u00fcbernehmen wir keine Gew\u00e4hr f\u00fcr die Vollst\u00e4ndigkeit oder Aktualit\u00e4t. F\u00fcr externe Inhalte, auf die wir hinweisen, sind wir nicht verantwortlich.[\/vc_column_text][vc_column_text]<strong>DATENSCHUTZ<\/strong><br \/>\nDie Nutzung des Dienstleistungsportals ist grunds\u00e4tzlich ohne Bekanntgabe personenbezogener Informationen m\u00f6glich. Wenn Sie uns ,eine E-Mail senden, so wird diese und Ihre E-Mail-Adresse ausschlie\u00dflich f\u00fcr die Korrespondenz mit Ihnen verwendet. Bei jedem Zugriff auf unsere Server werden Daten f\u00fcr statistische und Sicherungszwecke gespeichert. Wir erfassen hier lediglich f\u00fcr eine begrenzte Zeit die IP-Adresse Ihres Internet Service Providers, Datum und Uhrzeit sowie die Website, die Sie bei uns besuchen. Diese Daten werden ausschlie\u00dflich zur Verbesserung unseres Internetdienstes genutzt und nic.ht auf Sie zur\u00fcckf\u00fchrbar ausgewertet.[\/vc_column_text][\/vc_column][\/vc_row][vc_row type=&#8220;full_width_section&#8220; bg_position=&#8220;left top&#8220;][vc_column width=&#8220;1\/1&#8243;]<div class=\"divider divider1\" style='margin:0 !important;'><\/div>[\/vc_column][\/vc_row]<\/p>\n","protected":false},"excerpt":{"rendered":"<p>[vc_row top_padding=&#8220;100&#8243; bottom_padding=&#8220;100&#8243; bg_position=&#8220;left top&#8220;][vc_column width=&#8220;1\/3&#8243;][vc_column_text]IBUSS Kartoffelcenter GmbH &amp; Co. KG Parkstra\u00dfe 1 21514 B\u00fcchen Telefon +49 39005 972-0 GESCH\u00c4FTSF\u00dcHRER Steffen C. Heilmann[\/vc_column_text][vc_column_text]Liefer- &amp; Rechungsanschrift IBUSS Kartoffelcenter GmbH &amp; Co. KG K\u00f6ckter Weg 7 28486 Kl\u00f6tze OT Kusey[\/vc_column_text][vc_column_text]ZUST\u00c4NDIGE AUFSICHTSBEH\u00d6RDE Registergericht: AG L\u00fcbeck Registernummer: HRA 10363 HL Ust.-Id.-Nr. DE 139450898[\/vc_column_text][\/vc_column][vc_column width=&#8220;2\/3&#8243;][vc_column_text]HAFTUNGSAUSSCHLUSS Wir haben die aufgef\u00fchrten Inhalte mit gro\u00dfer Sorgfalt zusammengestellt und gepr\u00fcft. Allerdings \u00fcbernehmen wir keine Gew\u00e4hr f\u00fcr die Vollst\u00e4ndigkeit oder Aktualit\u00e4t. F\u00fcr externe Inhalte, auf die wir hinweisen, sind wir nicht verantwortlich.[\/vc_column_text][vc_column_text]DATENSCHUTZ Die Nutzung des Dienstleistungsportals ist grunds\u00e4tzlich ohne Bekanntgabe personenbezogener Informationen m\u00f6glich. Wenn Sie uns ,eine E-Mail senden, so wird diese und Ihre E-Mail-Adresse ausschlie\u00dflich f\u00fcr die Korrespondenz mit Ihnen verwendet. Bei jedem Zugriff auf unsere Server werden Daten f\u00fcr statistische und Sicherungszwecke gespeichert. Wir erfassen hier lediglich f\u00fcr eine begrenzte Zeit die IP-Adresse Ihres Internet Service Providers, Datum und Uhrzeit sowie die Website, die Sie bei uns besuchen. Diese Daten werden ausschlie\u00dflich zur Verbesserung unseres Internetdienstes genutzt und nic.ht auf Sie zur\u00fcckf\u00fchrbar ausgewertet.[\/vc_column_text][\/vc_column][\/vc_row][vc_row type=&#8220;full_width_section&#8220; bg_position=&#8220;left top&#8220;][vc_column width=&#8220;1\/1&#8243;][\/vc_column][\/vc_row]<\/p>\n","protected":false},"author":1,"featured_media":0,"parent":0,"menu_order":0,"comment_status":"closed","ping_status":"closed","template":"","meta":{"footnotes":""},"class_list":["post-15934","page","type-page","status-publish","hentry"],"_links":{"self":[{"href":"https:\/\/ibuss.de\/index.php?rest_route=\/wp\/v2\/pages\/15934","targetHints":{"allow":["GET"]}}],"collection":[{"href":"https:\/\/ibuss.de\/index.php?rest_route=\/wp\/v2\/pages"}],"about":[{"href":"https:\/\/ibuss.de\/index.php?rest_route=\/wp\/v2\/types\/page"}],"author":[{"embeddable":true,"href":"https:\/\/ibuss.de\/index.php?rest_route=\/wp\/v2\/users\/1"}],"replies":[{"embeddable":true,"href":"https:\/\/ibuss.de\/index.php?rest_route=%2Fwp%2Fv2%2Fcomments&post=15934"}],"version-history":[{"count":6,"href":"https:\/\/ibuss.de\/index.php?rest_route=\/wp\/v2\/pages\/15934\/revisions"}],"predecessor-version":[{"id":16081,"href":"https:\/\/ibuss.de\/index.php?rest_route=\/wp\/v2\/pages\/15934\/revisions\/16081"}],"wp:attachment":[{"href":"https:\/\/ibuss.de\/index.php?rest_route=%2Fwp%2Fv2%2Fmedia&parent=15934"}],"curies":[{"name":"wp","href":"https:\/\/api.w.org\/{rel}","templated":true}]}}