{"id":15912,"date":"2023-01-11T11:58:25","date_gmt":"2023-01-11T11:58:25","guid":{"rendered":"https:\/\/ibuss.de\/?page_id=15912"},"modified":"2023-01-19T07:17:28","modified_gmt":"2023-01-19T07:17:28","slug":"15912-2","status":"publish","type":"page","link":"https:\/\/ibuss.de\/?page_id=15912","title":{"rendered":"QUALIT\u00c4T"},"content":{"rendered":"<p>[vc_row][vc_column width=&#8220;1\/1&#8243;]<div class=\"single_image wpb_content_element align-left    \" data-animation=\"none\" data-delay=\"0\"><img loading=\"lazy\" decoding=\"async\" width=\"1171\" height=\"386\" src=\"https:\/\/ibuss.de\/wp-content\/uploads\/2023\/01\/Banner_-Qualiaet.jpg\" class=\"attachment-full\" alt=\"\" title=\"Banner_ Quali\u00e4t\" srcset=\"https:\/\/ibuss.de\/wp-content\/uploads\/2023\/01\/Banner_-Qualiaet.jpg 1171w, https:\/\/ibuss.de\/wp-content\/uploads\/2023\/01\/Banner_-Qualiaet-300x99.jpg 300w, https:\/\/ibuss.de\/wp-content\/uploads\/2023\/01\/Banner_-Qualiaet-1024x338.jpg 1024w, https:\/\/ibuss.de\/wp-content\/uploads\/2023\/01\/Banner_-Qualiaet-768x253.jpg 768w\" sizes=\"auto, (max-width: 1171px) 100vw, 1171px\" \/><\/div>[\/vc_column][\/vc_row][vc_row top_padding=&#8220;100&#8243; bottom_padding=&#8220;100&#8243; bg_position=&#8220;left top&#8220;][vc_column width=&#8220;1\/3&#8243;]<h3 class=\"headline font-special fontsize-l fontweight-700 lh-inherit align-left transform-uppercase \" style=\"margin: 0 0 20px 0; color: #333333;\">Qualit\u00e4t<\/h3><div class=\"divider divider6\" style='margin:0 !important;'><\/div><div class=\"spacer\" style=\"height: 40px;\"><\/div><div class=\"single_image wpb_content_element align-left    \" data-animation=\"none\" data-delay=\"0\"><img loading=\"lazy\" decoding=\"async\" width=\"328\" height=\"157\" src=\"https:\/\/ibuss.de\/wp-content\/uploads\/2023\/01\/Qualitaet.jpg\" class=\"attachment-full\" alt=\"\" title=\"Qualit\u00e4t\" srcset=\"https:\/\/ibuss.de\/wp-content\/uploads\/2023\/01\/Qualitaet.jpg 328w, https:\/\/ibuss.de\/wp-content\/uploads\/2023\/01\/Qualitaet-300x144.jpg 300w\" sizes=\"auto, (max-width: 328px) 100vw, 328px\" \/><\/div>[\/vc_column][vc_column width=&#8220;2\/3&#8243;][vc_column_text]Auf der Grundlage unseres hohen Qualit\u00e4tsanspruches erf\u00fcllen wir alle g\u00fcltigen Rechtsnormen und Kundenforderungen f\u00fcr Verbraucherschutz und Lebensmittelsicherheit.<\/p>\n<p>Von der Eingangskontrolle der angelieferten Lebensmittel, \u00fcber die Dokumentation an allen HACCP-Pr\u00fcfpunkten, internen Audits, Kontrolle durch Metalldetektoren, durchg\u00e4ngige Gew\u00e4hrleistung der K\u00fchlkette sowie der R\u00fcckverfolgbarkeit der Ware, k\u00f6nnen wir unseren Kunden eine Qualit\u00e4tssicherheit gew\u00e4hrleisten.<\/p>\n<p>Bei einer Lagertemperatur von 4\u00b0 C bis 8\u00b0 C betr\u00e4gt die Mindesthaltbarkeit der gesch\u00e4lten Kartoffeln 6 Tage und die des k\u00fcchenfertig bearbeiteten Gem\u00fcse 3 Tage nach der Produktion.<\/p>\n<p>Seit 2011 setzen wir neben der Bio-Zertifizierung auch den Anforderungskatalog f\u00fcr den IFS \u2013 International<br \/>\nFood Standard um und arbeiten seit 2013 nach den Richtlinien des QS-Pr\u00fcfsystems f\u00fcr Lebensmittel.[\/vc_column_text][\/vc_column][\/vc_row][vc_row type=&#8220;full_width_section&#8220; bg_position=&#8220;left top&#8220;][vc_column width=&#8220;1\/1&#8243;]<div class=\"divider divider1\" style='margin:0 !important;'><\/div>[\/vc_column][\/vc_row][vc_row bg_color=&#8220;#fafafa&#8220; top_padding=&#8220;100&#8243; bottom_padding=&#8220;100&#8243; bg_position=&#8220;left top&#8220;][vc_column width=&#8220;1\/3&#8243;]<h3 class=\"headline font-special fontsize-l fontweight-700 lh-inherit align-left transform-uppercase \" style=\"margin: 0 0 20px 0; color: #333333;\">ZERTIFIKATE<\/h3><div class=\"divider divider6\" style='margin:0 !important;'><\/div><div class=\"spacer\" style=\"height: 40px;\"><\/div>[\/vc_column][vc_column width=&#8220;1\/3&#8243;][vc_column_text]<strong>BIO &#8211; A.B.CERT<\/strong><\/p>\n<a href=\"https:\/\/ibuss.de\/wp-content\/uploads\/2023\/01\/Bio-Abcert-bis-31.01.2024-1.pdf\" target=\"_self\" class=\"button color-1 medium \" style=\"border-radius: 2px;\"><i class='fa fa-paperclip'><\/i>A.B.CERT \/ Zertifikat<\/a>[\/vc_column_text][\/vc_column][vc_column width=&#8220;1\/3&#8243;][vc_column_text]<strong>IFS<\/strong><\/p>\n<a href=\"https:\/\/ibuss.de\/wp-content\/uploads\/2023\/01\/IBUSS-IFS-Broker-2022-1.pdf\" target=\"_self\" class=\"button color-1 medium \" style=\"border-radius: 2px;\"><i class='fa fa-paperclip'><\/i>IFS \/ Zertifikat<\/a>[\/vc_column_text][\/vc_column][\/vc_row][vc_row top_padding=&#8220;50&#8243;][vc_column width=&#8220;1\/1&#8243;]<h5 class=\"headline font-inherit fontsize-xl fontweight-inherit lh-inherit align-center transform-inherit \" style=\"margin: 0 0 20px 0; color: #dd8500;\">UNSERE PRODUKTLINIE<\/h5>[\/vc_column][\/vc_row][vc_row bg_position=&#8220;left top&#8220;][vc_column text_align=&#8220;center&#8220; width=&#8220;1\/1&#8243;]\n\t\t<div class=\"portfolio-element\">\n\n\t\t\n\t\t\t\t\t<div class=\"container\">\n\t\t\n\t\t\t\t\t<div id=\"2030770382\" class=\"portfolio-items portfolio-grid portfolio-overlay-effect clearfix\" data-id=\"2030770382\">  \n\t\t\t\t\t\t\n\t\t\t\t\t\t\t\n\t\t\t\t\t\t\t\n\t\t\t\t\t\t\n\t\t\t\t\t\t\t\t\t\t\t\t\t\t\t\t\n\t\t\t\t\t\t\t\t   \n\n\t\t\t\t\t\t\t\t<div class=\"term-gemuese term-slider portfolio-item four columns\">\n\t\t\t\t\t\t\t\t\t<div class=\"portfolio-image\"><a href=\"https:\/\/ibuss.de\/?portfolio=bioprodukte\" title=\"Bioprodukte\"><div class=\"portfolio-image-img\"><img decoding=\"async\" src=\"https:\/\/ibuss.de\/wp-content\/uploads\/2023\/01\/Geschaelte_Ware_04-1000x1000.jpg\" alt=\"Bioprodukte\" \/><\/div><div class=\"portfolio-overlay overlay-effect\"><span>Bioprodukte<\/span><\/div><\/a><\/div>\n\t\t\t\t\t\t\t\t<\/div>\n\n\t\t\t\t\t\t\t\t\t\t\t\t  \n\t\t\t\t\t\t\n\t\t\t\t\t\t\t\n\t\t\t\t\t\t\t\n\t\t\t\t\t\t\n\t\t\t\t\t\t\t\t\t\t\t\t\t\t\t\t\n\t\t\t\t\t\t\t\t   \n\n\t\t\t\t\t\t\t\t<div class=\"term-gemuese term-spezialprodukte portfolio-item four columns\">\n\t\t\t\t\t\t\t\t\t<div class=\"portfolio-image\"><a href=\"https:\/\/ibuss.de\/?portfolio=iwatch\" title=\"Kartoffeln\"><div class=\"portfolio-image-img\"><img decoding=\"async\" src=\"https:\/\/ibuss.de\/wp-content\/uploads\/2014\/12\/Karroffel_05-1000x1000.png\" alt=\"Kartoffeln\" \/><\/div><div class=\"portfolio-overlay overlay-effect\"><span>Kartoffeln<\/span><\/div><\/a><\/div>\n\t\t\t\t\t\t\t\t<\/div>\n\n\t\t\t\t\t\t\t\t\t\t\t\t  \n\t\t\t\t\t\t\n\t\t\t\t\t\t\t\n\t\t\t\t\t\t\t\n\t\t\t\t\t\t\n\t\t\t\t\t\t\t\t\t\t\t\t\t\t\t\t\n\t\t\t\t\t\t\t\t   \n\n\t\t\t\t\t\t\t\t<div class=\"term-gemuese term-slider term-spezialprodukte portfolio-item four columns\">\n\t\t\t\t\t\t\t\t\t<div class=\"portfolio-image\"><a href=\"https:\/\/ibuss.de\/?portfolio=magazine\" title=\"Gem\u00fcse\"><div class=\"portfolio-image-img\"><img decoding=\"async\" src=\"https:\/\/ibuss.de\/wp-content\/uploads\/2014\/12\/Gemuese_-Page4-1000x1000.jpg\" alt=\"Gem\u00fcse\" \/><\/div><div class=\"portfolio-overlay overlay-effect\"><span>Gem\u00fcse<\/span><\/div><\/a><\/div>\n\t\t\t\t\t\t\t\t<\/div>\n\n\t\t\t\t\t\t\t\t\t\t\t\t  \n\t\t\t\t\t\t\n\t\t\t\t\t\t\t\n\t\t\t\t\t\t\t\n\t\t\t\t\t\t\n\t\t\t\t\t\t\t\t\t\t\t\t\t\t\t\t\n\t\t\t\t\t\t\t\t   \n\n\t\t\t\t\t\t\t\t<div class=\"term-obst term-slider term-spezialprodukte portfolio-item four columns\">\n\t\t\t\t\t\t\t\t\t<div class=\"portfolio-image\"><a href=\"https:\/\/ibuss.de\/?portfolio=ipad-smart-cover\" title=\"Obst &#038; Spezialprodukte\"><div class=\"portfolio-image-img\"><img decoding=\"async\" src=\"https:\/\/ibuss.de\/wp-content\/uploads\/2014\/12\/Salat_-Page1-1000x1000.jpg\" alt=\"Obst &#038; Spezialprodukte\" \/><\/div><div class=\"portfolio-overlay overlay-effect\"><span>Obst &#038; Spezialprodukte<\/span><\/div><\/a><\/div>\n\t\t\t\t\t\t\t\t<\/div>\n\n\t\t\t\t\t\t\t\t\t\t\t\t  \n\t\t\t\t\t\t\t\t\t\t\t<\/div>\n\n\t\t\t\t\t<\/div>\n\t\t\n\t\t<\/div>\n\t\t\t\n\t\t\t\t\n\t\t[\/vc_column][\/vc_row]<\/p>\n","protected":false},"excerpt":{"rendered":"<p>[vc_row][vc_column width=&#8220;1\/1&#8243;][\/vc_column][\/vc_row][vc_row top_padding=&#8220;100&#8243; bottom_padding=&#8220;100&#8243; bg_position=&#8220;left top&#8220;][vc_column width=&#8220;1\/3&#8243;][\/vc_column][vc_column width=&#8220;2\/3&#8243;][vc_column_text]Auf der Grundlage unseres hohen Qualit\u00e4tsanspruches erf\u00fcllen wir alle g\u00fcltigen Rechtsnormen und Kundenforderungen f\u00fcr Verbraucherschutz und Lebensmittelsicherheit. Von der Eingangskontrolle der angelieferten Lebensmittel, \u00fcber die Dokumentation an allen HACCP-Pr\u00fcfpunkten, internen Audits, Kontrolle durch Metalldetektoren, durchg\u00e4ngige Gew\u00e4hrleistung der K\u00fchlkette sowie der R\u00fcckverfolgbarkeit der Ware, k\u00f6nnen wir unseren Kunden eine Qualit\u00e4tssicherheit gew\u00e4hrleisten. Bei einer Lagertemperatur von 4\u00b0 C bis 8\u00b0 C betr\u00e4gt die Mindesthaltbarkeit der gesch\u00e4lten Kartoffeln 6 Tage und die des k\u00fcchenfertig bearbeiteten Gem\u00fcse 3 Tage nach der Produktion. Seit 2011 setzen wir neben der Bio-Zertifizierung auch den Anforderungskatalog f\u00fcr den IFS \u2013 International Food Standard um und arbeiten seit 2013 nach den Richtlinien des QS-Pr\u00fcfsystems f\u00fcr Lebensmittel.[\/vc_column_text][\/vc_column][\/vc_row][vc_row type=&#8220;full_width_section&#8220; bg_position=&#8220;left top&#8220;][vc_column width=&#8220;1\/1&#8243;][\/vc_column][\/vc_row][vc_row bg_color=&#8220;#fafafa&#8220; top_padding=&#8220;100&#8243; bottom_padding=&#8220;100&#8243; bg_position=&#8220;left top&#8220;][vc_column width=&#8220;1\/3&#8243;][\/vc_column][vc_column width=&#8220;1\/3&#8243;][vc_column_text]BIO &#8211; A.B.CERT [\/vc_column_text][\/vc_column][vc_column width=&#8220;1\/3&#8243;][vc_column_text]IFS [\/vc_column_text][\/vc_column][\/vc_row][vc_row top_padding=&#8220;50&#8243;][vc_column width=&#8220;1\/1&#8243;][\/vc_column][\/vc_row][vc_row bg_position=&#8220;left top&#8220;][vc_column text_align=&#8220;center&#8220; width=&#8220;1\/1&#8243;][\/vc_column][\/vc_row]<\/p>\n","protected":false},"author":1,"featured_media":0,"parent":0,"menu_order":0,"comment_status":"closed","ping_status":"closed","template":"","meta":{"footnotes":""},"class_list":["post-15912","page","type-page","status-publish","hentry"],"_links":{"self":[{"href":"https:\/\/ibuss.de\/index.php?rest_route=\/wp\/v2\/pages\/15912","targetHints":{"allow":["GET"]}}],"collection":[{"href":"https:\/\/ibuss.de\/index.php?rest_route=\/wp\/v2\/pages"}],"about":[{"href":"https:\/\/ibuss.de\/index.php?rest_route=\/wp\/v2\/types\/page"}],"author":[{"embeddable":true,"href":"https:\/\/ibuss.de\/index.php?rest_route=\/wp\/v2\/users\/1"}],"replies":[{"embeddable":true,"href":"https:\/\/ibuss.de\/index.php?rest_route=%2Fwp%2Fv2%2Fcomments&post=15912"}],"version-history":[{"count":13,"href":"https:\/\/ibuss.de\/index.php?rest_route=\/wp\/v2\/pages\/15912\/revisions"}],"predecessor-version":[{"id":16079,"href":"https:\/\/ibuss.de\/index.php?rest_route=\/wp\/v2\/pages\/15912\/revisions\/16079"}],"wp:attachment":[{"href":"https:\/\/ibuss.de\/index.php?rest_route=%2Fwp%2Fv2%2Fmedia&parent=15912"}],"curies":[{"name":"wp","href":"https:\/\/api.w.org\/{rel}","templated":true}]}}