{"id":15884,"date":"2023-01-11T11:16:39","date_gmt":"2023-01-11T11:16:39","guid":{"rendered":"https:\/\/ibuss.de\/?page_id=15884"},"modified":"2023-01-19T06:53:39","modified_gmt":"2023-01-19T06:53:39","slug":"logistik","status":"publish","type":"page","link":"https:\/\/ibuss.de\/?page_id=15884","title":{"rendered":"Logistik"},"content":{"rendered":"<p>[vc_row][vc_column width=&#8220;1\/1&#8243;]<div class=\"single_image wpb_content_element align-left    \" data-animation=\"none\" data-delay=\"0\"><img loading=\"lazy\" decoding=\"async\" width=\"1171\" height=\"386\" src=\"https:\/\/ibuss.de\/wp-content\/uploads\/2023\/01\/Banner_Logistk.jpg\" class=\"attachment-full\" alt=\"\" title=\"Banner_Logistk\" srcset=\"https:\/\/ibuss.de\/wp-content\/uploads\/2023\/01\/Banner_Logistk.jpg 1171w, https:\/\/ibuss.de\/wp-content\/uploads\/2023\/01\/Banner_Logistk-300x99.jpg 300w, https:\/\/ibuss.de\/wp-content\/uploads\/2023\/01\/Banner_Logistk-1024x338.jpg 1024w, https:\/\/ibuss.de\/wp-content\/uploads\/2023\/01\/Banner_Logistk-768x253.jpg 768w\" sizes=\"auto, (max-width: 1171px) 100vw, 1171px\" \/><\/div>[\/vc_column][\/vc_row][vc_row top_padding=&#8220;100&#8243; bottom_padding=&#8220;100&#8243; bg_position=&#8220;left top&#8220;][vc_column width=&#8220;1\/3&#8243;]<h3 class=\"headline font-special fontsize-l fontweight-700 lh-inherit align-left transform-uppercase \" style=\"margin: 0 0 20px 0; color: #333333;\">Logistik<\/h3><div class=\"divider divider6\" style='margin:0 !important;'><\/div><div class=\"spacer\" style=\"height: 40px;\"><\/div><div class=\"single_image wpb_content_element align-left    \" data-animation=\"none\" data-delay=\"0\"><img loading=\"lazy\" decoding=\"async\" width=\"461\" height=\"236\" src=\"https:\/\/ibuss.de\/wp-content\/uploads\/2023\/01\/mainpic09-1.png\" class=\"attachment-full\" alt=\"\" title=\"mainpic09 (1)\" srcset=\"https:\/\/ibuss.de\/wp-content\/uploads\/2023\/01\/mainpic09-1.png 461w, https:\/\/ibuss.de\/wp-content\/uploads\/2023\/01\/mainpic09-1-300x154.png 300w\" sizes=\"auto, (max-width: 461px) 100vw, 461px\" \/><\/div>[\/vc_column][vc_column width=&#8220;2\/3&#8243;][vc_column_text]Im Transportbereich wird QUALIT\u00c4T f\u00fcr uns klar definiert: Die Produkte m\u00fcssen in Ihrer frischen Beschaffenheit zum richtigen Zeitpunkt ad\u00e4quat und verl\u00e4sslich ihren Wareneingang bei unseren Kunden finden.<br \/>\nDie frische Ware wird mit einer eigenen Logistik t\u00e4glich geliefert.<\/p>\n<p>Eine temparaturgef\u00fchrte Lieferung sichert die Frische. Geschultes Stammpersonal und Fahrzeuge, die sich immer auf den neusten technischen Standards nach den entsprechenden europ\u00e4ischen Richtlinien und Euro Normen befinden, gew\u00e4hrleisten die Zuverl\u00e4ssigkeit.<\/p>\n<p>Unser Liefergebiet umfasst das nord- und ostdeutsche Bundesgebiet. F\u00fcr weitere Gebiete bedienen wir uns der Hilfe langj\u00e4hriger erfahrener Partner.[\/vc_column_text][\/vc_column][\/vc_row][vc_row type=&#8220;full_width_section&#8220; bg_position=&#8220;left top&#8220;][vc_column width=&#8220;1\/1&#8243;]<div class=\"divider divider1\" style='margin:0 !important;'><\/div>[\/vc_column][\/vc_row][vc_row top_padding=&#8220;50&#8243;][vc_column width=&#8220;1\/1&#8243;]<h5 class=\"headline font-inherit fontsize-xl fontweight-inherit lh-inherit align-center transform-inherit \" style=\"margin: 0 0 20px 0; color: #dd8500;\">UNSERE PRODUKTLINIE<\/h5>[\/vc_column][\/vc_row][vc_row bg_position=&#8220;left top&#8220;][vc_column text_align=&#8220;center&#8220; width=&#8220;1\/1&#8243;]\n\t\t<div class=\"portfolio-element\">\n\n\t\t\n\t\t\t\t\t<div class=\"container\">\n\t\t\n\t\t\t\t\t<div id=\"1658106964\" class=\"portfolio-items portfolio-grid portfolio-overlay-effect clearfix\" data-id=\"1658106964\">  \n\t\t\t\t\t\t\n\t\t\t\t\t\t\t\n\t\t\t\t\t\t\t\n\t\t\t\t\t\t\n\t\t\t\t\t\t\t\t\t\t\t\t\t\t\t\t\n\t\t\t\t\t\t\t\t   \n\n\t\t\t\t\t\t\t\t<div class=\"term-gemuese term-slider portfolio-item four columns\">\n\t\t\t\t\t\t\t\t\t<div class=\"portfolio-image\"><a href=\"https:\/\/ibuss.de\/?portfolio=bioprodukte\" title=\"Bioprodukte\"><div class=\"portfolio-image-img\"><img decoding=\"async\" src=\"https:\/\/ibuss.de\/wp-content\/uploads\/2023\/01\/Geschaelte_Ware_04-1000x1000.jpg\" alt=\"Bioprodukte\" \/><\/div><div class=\"portfolio-overlay overlay-effect\"><span>Bioprodukte<\/span><\/div><\/a><\/div>\n\t\t\t\t\t\t\t\t<\/div>\n\n\t\t\t\t\t\t\t\t\t\t\t\t  \n\t\t\t\t\t\t\n\t\t\t\t\t\t\t\n\t\t\t\t\t\t\t\n\t\t\t\t\t\t\n\t\t\t\t\t\t\t\t\t\t\t\t\t\t\t\t\n\t\t\t\t\t\t\t\t   \n\n\t\t\t\t\t\t\t\t<div class=\"term-gemuese term-spezialprodukte portfolio-item four columns\">\n\t\t\t\t\t\t\t\t\t<div class=\"portfolio-image\"><a href=\"https:\/\/ibuss.de\/?portfolio=iwatch\" title=\"Kartoffeln\"><div class=\"portfolio-image-img\"><img decoding=\"async\" src=\"https:\/\/ibuss.de\/wp-content\/uploads\/2014\/12\/Karroffel_05-1000x1000.png\" alt=\"Kartoffeln\" \/><\/div><div class=\"portfolio-overlay overlay-effect\"><span>Kartoffeln<\/span><\/div><\/a><\/div>\n\t\t\t\t\t\t\t\t<\/div>\n\n\t\t\t\t\t\t\t\t\t\t\t\t  \n\t\t\t\t\t\t\n\t\t\t\t\t\t\t\n\t\t\t\t\t\t\t\n\t\t\t\t\t\t\n\t\t\t\t\t\t\t\t\t\t\t\t\t\t\t\t\n\t\t\t\t\t\t\t\t   \n\n\t\t\t\t\t\t\t\t<div class=\"term-gemuese term-slider term-spezialprodukte portfolio-item four columns\">\n\t\t\t\t\t\t\t\t\t<div class=\"portfolio-image\"><a href=\"https:\/\/ibuss.de\/?portfolio=magazine\" title=\"Gem\u00fcse\"><div class=\"portfolio-image-img\"><img decoding=\"async\" src=\"https:\/\/ibuss.de\/wp-content\/uploads\/2014\/12\/Gemuese_-Page4-1000x1000.jpg\" alt=\"Gem\u00fcse\" \/><\/div><div class=\"portfolio-overlay overlay-effect\"><span>Gem\u00fcse<\/span><\/div><\/a><\/div>\n\t\t\t\t\t\t\t\t<\/div>\n\n\t\t\t\t\t\t\t\t\t\t\t\t  \n\t\t\t\t\t\t\n\t\t\t\t\t\t\t\n\t\t\t\t\t\t\t\n\t\t\t\t\t\t\n\t\t\t\t\t\t\t\t\t\t\t\t\t\t\t\t\n\t\t\t\t\t\t\t\t   \n\n\t\t\t\t\t\t\t\t<div class=\"term-obst term-slider term-spezialprodukte portfolio-item four columns\">\n\t\t\t\t\t\t\t\t\t<div class=\"portfolio-image\"><a href=\"https:\/\/ibuss.de\/?portfolio=ipad-smart-cover\" title=\"Obst &#038; Spezialprodukte\"><div class=\"portfolio-image-img\"><img decoding=\"async\" src=\"https:\/\/ibuss.de\/wp-content\/uploads\/2014\/12\/Salat_-Page1-1000x1000.jpg\" alt=\"Obst &#038; Spezialprodukte\" \/><\/div><div class=\"portfolio-overlay overlay-effect\"><span>Obst &#038; Spezialprodukte<\/span><\/div><\/a><\/div>\n\t\t\t\t\t\t\t\t<\/div>\n\n\t\t\t\t\t\t\t\t\t\t\t\t  \n\t\t\t\t\t\t\t\t\t\t\t<\/div>\n\n\t\t\t\t\t<\/div>\n\t\t\n\t\t<\/div>\n\t\t\t\n\t\t\t\t\n\t\t[\/vc_column][\/vc_row]<\/p>\n","protected":false},"excerpt":{"rendered":"<p>[vc_row][vc_column width=&#8220;1\/1&#8243;][\/vc_column][\/vc_row][vc_row top_padding=&#8220;100&#8243; bottom_padding=&#8220;100&#8243; bg_position=&#8220;left top&#8220;][vc_column width=&#8220;1\/3&#8243;][\/vc_column][vc_column width=&#8220;2\/3&#8243;][vc_column_text]Im Transportbereich wird QUALIT\u00c4T f\u00fcr uns klar definiert: Die Produkte m\u00fcssen in Ihrer frischen Beschaffenheit zum richtigen Zeitpunkt ad\u00e4quat und verl\u00e4sslich ihren Wareneingang bei unseren Kunden finden. Die frische Ware wird mit einer eigenen Logistik t\u00e4glich geliefert. Eine temparaturgef\u00fchrte Lieferung sichert die Frische. Geschultes Stammpersonal und Fahrzeuge, die sich immer auf den neusten technischen Standards nach den entsprechenden europ\u00e4ischen Richtlinien und Euro Normen befinden, gew\u00e4hrleisten die Zuverl\u00e4ssigkeit. Unser Liefergebiet umfasst das nord- und ostdeutsche Bundesgebiet. F\u00fcr weitere Gebiete bedienen wir uns der Hilfe langj\u00e4hriger erfahrener Partner.[\/vc_column_text][\/vc_column][\/vc_row][vc_row type=&#8220;full_width_section&#8220; bg_position=&#8220;left top&#8220;][vc_column width=&#8220;1\/1&#8243;][\/vc_column][\/vc_row][vc_row top_padding=&#8220;50&#8243;][vc_column width=&#8220;1\/1&#8243;][\/vc_column][\/vc_row][vc_row bg_position=&#8220;left top&#8220;][vc_column text_align=&#8220;center&#8220; width=&#8220;1\/1&#8243;][\/vc_column][\/vc_row]<\/p>\n","protected":false},"author":1,"featured_media":0,"parent":0,"menu_order":0,"comment_status":"closed","ping_status":"closed","template":"","meta":{"footnotes":""},"class_list":["post-15884","page","type-page","status-publish","hentry"],"_links":{"self":[{"href":"https:\/\/ibuss.de\/index.php?rest_route=\/wp\/v2\/pages\/15884","targetHints":{"allow":["GET"]}}],"collection":[{"href":"https:\/\/ibuss.de\/index.php?rest_route=\/wp\/v2\/pages"}],"about":[{"href":"https:\/\/ibuss.de\/index.php?rest_route=\/wp\/v2\/types\/page"}],"author":[{"embeddable":true,"href":"https:\/\/ibuss.de\/index.php?rest_route=\/wp\/v2\/users\/1"}],"replies":[{"embeddable":true,"href":"https:\/\/ibuss.de\/index.php?rest_route=%2Fwp%2Fv2%2Fcomments&post=15884"}],"version-history":[{"count":11,"href":"https:\/\/ibuss.de\/index.php?rest_route=\/wp\/v2\/pages\/15884\/revisions"}],"predecessor-version":[{"id":16070,"href":"https:\/\/ibuss.de\/index.php?rest_route=\/wp\/v2\/pages\/15884\/revisions\/16070"}],"wp:attachment":[{"href":"https:\/\/ibuss.de\/index.php?rest_route=%2Fwp%2Fv2%2Fmedia&parent=15884"}],"curies":[{"name":"wp","href":"https:\/\/api.w.org\/{rel}","templated":true}]}}